{"id":6242,"date":"2020-04-06T12:45:07","date_gmt":"2020-04-06T11:45:07","guid":{"rendered":"https:\/\/www.nod32.com.hr\/podrska\/?page_id=6242"},"modified":"2026-03-24T19:35:30","modified_gmt":"2026-03-24T18:35:30","slug":"baza-znanja","status":"publish","type":"page","link":"https:\/\/www.nod32.com.hr\/podrska\/baza-znanja","title":{"rendered":"Baza znanja"},"content":{"rendered":"<h1>Baza znanja za kori\u0161tenje ESET-ovih programa za ra\u010dunalnu sigurnost<\/h1>\r\n<p>U bazi znanja koja je dostupna na ovim stranicama, korisnici ESET-ovih rje\u0161enja za ra\u010dunalnu sigurnost (i svi koji bi to \u017eeljeli postati) mogu prona\u0107i upute o instalaciji i kori\u0161tenju ESET-ovih programa, kao i poneki op\u0107eniti savjet u vezi ra\u010dunalne sigurnosti.\u00a0<\/p>\r\n<p>Bazu znanja mo\u017eete pretra\u017eivati uz pomo\u0107 ugra\u0111ene tra\u017eilice ili po kategorijama. Naravno, uvijek mo\u017eete koristiti internetske tra\u017eilice; npr.:<\/p>\r\n<ul>\r\n\t<li><a href=\"https:\/\/www.bing.com\/search?q=rje\u010dnik+site:nod32.com.hr\/podrska\">https:\/\/www.bing.com\/search?q=rje\u010dnik+site:nod32.com.hr\/podrska<\/a><\/li>\r\n\t<li><a href=\"https:\/\/www.google.com\/search?q=rje\u010dnik+site:www.nod32.com.hr\/podrska\">https:\/\/www.google.com\/search?q=rje\u010dnik+site:www.nod32.com.hr\/podrska<\/a><\/li>\r\n<\/ul>\r\n<p>Ukoliko ste registrirani korisnik ESET-ovih rje\u0161enja za ra\u010dunalnu sigurnost i potrebna vam je tehni\u010dka pomo\u0107 stru\u010dne osobe, u svakom trenutku nam se mo\u017eete obratiti.<br \/>\r\nKontakt &#8211; https:\/\/www.nod32.com.hr\/podrska\/<\/p>\r\n<div id=\"search-4\" class=\"primewp-side-widget widget primewp-box widget_search\">\r\n<div class=\"primewp-box-inside\">\r\n<div class=\"primewp-widget-header\">\r\n<h2 class=\"primewp-widget-title\">Pretraga baze znanja<\/h2>\r\n<\/div>\r\n<form class=\"primewp-search-form\" role=\"search\" action=\"https:\/\/www.nod32.com.hr\/podrska\/\" method=\"get\"><label> <span class=\"screen-reader-text\">Search for:<\/span> <input class=\"primewp-search-field\" name=\"s\" type=\"search\" value=\"\" placeholder=\"Pretraga \u2026\" \/> <\/label> <input class=\"primewp-search-submit\" type=\"submit\" value=\"\uf002\" \/><\/form>\r\n<\/div>\r\n<\/div><div class=\"pdfprnt-buttons pdfprnt-buttons-page pdfprnt-bottom-right\"><a href=\"https:\/\/www.nod32.com.hr\/podrska\/wp-json\/wp\/v2\/pages\/6242?print=pdf\" class=\"pdfprnt-button pdfprnt-button-pdf\" target=\"_blank\"><img decoding=\"async\" src=\"https:\/\/www.nod32.com.hr\/podrska\/wp-content\/plugins\/pdf-print\/images\/pdf.png\" alt=\"image_pdf\" title=\"Download PDF\" \/><\/a><\/div>","protected":false},"excerpt":{"rendered":"Baza znanja za kori\u0161tenje ESET-ovih programa za ra\u010dunalnu sigurnost U bazi znanja koja je dostupna na ovim stranicama, korisnici ESET-ovih rje\u0161enja za ra\u010dunalnu sigurnost (i&#8230;","protected":false},"author":1,"featured_media":0,"parent":0,"menu_order":0,"comment_status":"closed","ping_status":"closed","template":"","meta":{"_lmt_disableupdate":"no","_lmt_disable":"","footnotes":""},"class_list":["post-6242","page","type-page","status-publish","hentry","no-wpautop"],"_links":{"self":[{"href":"https:\/\/www.nod32.com.hr\/podrska\/wp-json\/wp\/v2\/pages\/6242","targetHints":{"allow":["GET"]}}],"collection":[{"href":"https:\/\/www.nod32.com.hr\/podrska\/wp-json\/wp\/v2\/pages"}],"about":[{"href":"https:\/\/www.nod32.com.hr\/podrska\/wp-json\/wp\/v2\/types\/page"}],"author":[{"embeddable":true,"href":"https:\/\/www.nod32.com.hr\/podrska\/wp-json\/wp\/v2\/users\/1"}],"replies":[{"embeddable":true,"href":"https:\/\/www.nod32.com.hr\/podrska\/wp-json\/wp\/v2\/comments?post=6242"}],"version-history":[{"count":2,"href":"https:\/\/www.nod32.com.hr\/podrska\/wp-json\/wp\/v2\/pages\/6242\/revisions"}],"predecessor-version":[{"id":14093,"href":"https:\/\/www.nod32.com.hr\/podrska\/wp-json\/wp\/v2\/pages\/6242\/revisions\/14093"}],"wp:attachment":[{"href":"https:\/\/www.nod32.com.hr\/podrska\/wp-json\/wp\/v2\/media?parent=6242"}],"curies":[{"name":"wp","href":"https:\/\/api.w.org\/{rel}","templated":true}]}}