{"id":10410,"date":"2023-09-08T13:32:13","date_gmt":"2023-09-08T12:32:13","guid":{"rendered":"https:\/\/www.nod32.com.hr\/podrska\/?page_id=10410"},"modified":"2025-09-16T12:06:08","modified_gmt":"2025-09-16T11:06:08","slug":"zz01-nort-anydesk-klijent","status":"publish","type":"page","link":"https:\/\/www.nod32.com.hr\/podrska\/zz01-nort-anydesk-klijent","title":{"rendered":">> NORT AnyDesk klijent <<"},"content":{"rendered":"<h2>Povezivanje putem AnyDeska<\/h2>\r\n<p>Ako su Vas na\u0161i djelatnici tehni\u010dke podr\u0161ke uputili da omogu\u0107ite spajanje AnyDeskom, u radno vrijeme u\u010dinite sljede\u0107e:<\/p>\r\n<p>[1] Kliknite ispod na tekst uokviren strelicama i preuzmite NORT AnyDesk klijent:<\/p>\r\n<p>&nbsp;<\/p>\r\n<!-- ----------------------------------------------------------------------------------------------------------------------------- DOWNLOAD LINK -->\r\n<table style=\"border-collapse: collapse; width: 100%;\">\r\n<tbody>\r\n<tr>\r\n<td style=\"width: 100%; text-align: center;\"><i class=\"fa fa-lg fa-arrow-down text-info\" aria-hidden=\"true\"><!-- x --><\/i>\u00a0 <i class=\"fa fa-lg fa-arrow-down text-info\" aria-hidden=\"true\"><!-- x --><\/i>\u00a0 <i class=\"fa fa-lg fa-arrow-down text-info\" aria-hidden=\"true\"><!-- x --><\/i>\u00a0 <i class=\"fa fa-lg fa-arrow-down text-info\" aria-hidden=\"true\"><!-- x --><\/i>\u00a0 <i class=\"fa fa-lg fa-arrow-down text-info\" aria-hidden=\"true\"><!-- x --><\/i>\u00a0 <i class=\"fa fa-lg fa-arrow-down text-info\" aria-hidden=\"true\"><!-- x --><\/i>\u00a0 <i class=\"fa fa-lg fa-arrow-down text-info\" aria-hidden=\"true\"><!-- x --><\/i>\u00a0<br \/>\r\n<!-- ----------------------------------------------------------------------------------------------------------------------------- --> <i class=\"fa fa-lg fa-arrow-right text-info\" aria-hidden=\"true\"><!-- x --><\/i> <i class=\"fa fa-lg fa-arrow-right text-info\" aria-hidden=\"true\"><!-- x --><\/i> <i class=\"fa fa-lg fa-arrow-right text-info\" aria-hidden=\"true\"><!-- x --><\/i> <a href=\"https:\/\/nod32.com.hr\/podrska\/alati\/anydesk.exe\" target=\"_blank\" rel=\"noopener\">https:\/\/nod32.com.hr\/podrska\/alati\/<strong>ANYDESK<\/strong>.exe<\/a> <i class=\"fa fa-lg fa-arrow-left text-info\" aria-hidden=\"true\"><!-- x --><\/i> <i class=\"fa fa-lg fa-arrow-left text-info\" aria-hidden=\"true\"><!-- x --><\/i> <i class=\"fa fa-lg fa-arrow-left text-info\" aria-hidden=\"true\"><!-- x --><\/i> <br \/>\r\n<!-- ----------------------------------------------------------------------------------------------------------------------------- --> <i class=\"fa fa-lg fa-arrow-up text-info\" aria-hidden=\"true\"><!-- x --><\/i>\u00a0 <i class=\"fa fa-lg fa-arrow-up text-info\" aria-hidden=\"true\"><!-- x --><\/i>\u00a0 <i class=\"fa fa-lg fa-arrow-up text-info\" aria-hidden=\"true\"><!-- x --><\/i>\u00a0 <i class=\"fa fa-lg fa-arrow-up text-info\" aria-hidden=\"true\"><!-- x --><\/i>\u00a0 <i class=\"fa fa-lg fa-arrow-up text-info\" aria-hidden=\"true\"><!-- x --><\/i>\u00a0 <i class=\"fa fa-lg fa-arrow-up text-info\" aria-hidden=\"true\"><!-- x --><\/i>\u00a0 <i class=\"fa fa-lg fa-arrow-up text-info\" aria-hidden=\"true\"><!-- x --><\/i>\u00a0<\/td>\r\n<\/tr>\r\n<\/tbody>\r\n<\/table>\r\n<!-- ----------------------------------------------------------------------------------------------------------------------------- -->\r\n<p>&nbsp;<\/p>\r\n<p>[2] <strong>Pokrenite<\/strong> preuzeti program (neki internetski preglednici signaliziraju &#8220;dolje lijevo&#8221; da je datoteka preuzeta)<br \/>\r\n(nema instalacije)<\/p>\r\n<p>[3] Pro\u010ditajte ili nam e-mailom po\u0161aljite broj iz <strong>svog<\/strong> AnyDeska koji ste pokrenuli (&#8220;<strong><em>Your Address<\/em><\/strong>&#8220;):<br \/>\r\nU na\u0161em primjeru dolje, broj je &#8220;9999999999&#8221;; to <strong>ne\u0107e<\/strong> biti va\u0161 broj \/ adresa.<br \/>\r\nNije potrebno kliknuti na [Invite].<\/p>\r\n<p><img decoding=\"async\" width=\"400\" height=\"523\" class=\"alignnone wp-image-10407 size-full\" src=\"https:\/\/www.nod32.com.hr\/podrska\/wp-content\/uploads\/Pasted-into-NORT-AnyDesk-klijent-3.png\" srcset=\"https:\/\/www.nod32.com.hr\/podrska\/wp-content\/uploads\/Pasted-into-NORT-AnyDesk-klijent-3.png 400w, https:\/\/www.nod32.com.hr\/podrska\/wp-content\/uploads\/Pasted-into-NORT-AnyDesk-klijent-3-153x200.png 153w, https:\/\/www.nod32.com.hr\/podrska\/wp-content\/uploads\/Pasted-into-NORT-AnyDesk-klijent-3-191x250.png 191w\" sizes=\"(max-width: 400px) 100vw, 400px\" \/><\/p>\r\n<p>[4] Kad se spojimo, kliknite [<strong>Prihvatiti<\/strong>]<\/p>\r\n<p><img decoding=\"async\" width=\"700\" height=\"492\" class=\"alignnone wp-image-10404 size-full\" src=\"https:\/\/www.nod32.com.hr\/podrska\/wp-content\/uploads\/Pasted-into-NORT-AnyDesk-klijent-1.png\" srcset=\"https:\/\/www.nod32.com.hr\/podrska\/wp-content\/uploads\/Pasted-into-NORT-AnyDesk-klijent-1.png 700w, https:\/\/www.nod32.com.hr\/podrska\/wp-content\/uploads\/Pasted-into-NORT-AnyDesk-klijent-1-200x141.png 200w, https:\/\/www.nod32.com.hr\/podrska\/wp-content\/uploads\/Pasted-into-NORT-AnyDesk-klijent-1-250x176.png 250w, https:\/\/www.nod32.com.hr\/podrska\/wp-content\/uploads\/Pasted-into-NORT-AnyDesk-klijent-1-675x474.png 675w\" sizes=\"(max-width: 700px) 100vw, 700px\" \/><\/p>\r\n<p>[5] Pojavit \u0107e se poruka da je veza zapo\u010dela<\/p>\r\n<p><img decoding=\"async\" width=\"700\" height=\"492\" class=\"alignnone wp-image-10405 size-full\" src=\"https:\/\/www.nod32.com.hr\/podrska\/wp-content\/uploads\/Pasted-into-NORT-AnyDesk-klijent-2.png\" srcset=\"https:\/\/www.nod32.com.hr\/podrska\/wp-content\/uploads\/Pasted-into-NORT-AnyDesk-klijent-2.png 700w, https:\/\/www.nod32.com.hr\/podrska\/wp-content\/uploads\/Pasted-into-NORT-AnyDesk-klijent-2-200x141.png 200w, https:\/\/www.nod32.com.hr\/podrska\/wp-content\/uploads\/Pasted-into-NORT-AnyDesk-klijent-2-250x176.png 250w, https:\/\/www.nod32.com.hr\/podrska\/wp-content\/uploads\/Pasted-into-NORT-AnyDesk-klijent-2-675x474.png 675w\" sizes=\"(max-width: 700px) 100vw, 700px\" \/><\/p>\r\n<p>&nbsp;<\/p>\r\n<hr \/>\r\n<h2>Napomena za WiFi i Safe Mode<\/h2>\r\n<p>Ako ste na internet povezani putem WiFi-ja i ako \u0107e biti potrebno restartati ra\u010dunalo u Safe Mode tijekom intervencije putem AnyDeska, predla\u017eemo da ra\u010dunalo s routerom pove\u017eete mre\u017enim kablom. Naime, u nekim slu\u010dajevima Windows u Safe Mode ne pokrene sve programe za WiFi vezu i ra\u010dunalo se ne mo\u017ee spojiti.<\/p>\r\n<p>&nbsp;<\/p>\r\n<hr \/>\r\n<p class=\"small\">anydesk anidesk enidesk enydesk xanydesk xdesk wifi xwifi utp xutp ethernet xethernet<\/p><div class=\"pdfprnt-buttons pdfprnt-buttons-page pdfprnt-bottom-right\"><a href=\"https:\/\/www.nod32.com.hr\/podrska\/wp-json\/wp\/v2\/pages\/10410?print=pdf\" class=\"pdfprnt-button pdfprnt-button-pdf\" target=\"_blank\"><img decoding=\"async\" src=\"https:\/\/www.nod32.com.hr\/podrska\/wp-content\/plugins\/pdf-print\/images\/pdf.png\" alt=\"image_pdf\" title=\"Download PDF\" \/><\/a><\/div>","protected":false},"excerpt":{"rendered":"Povezivanje putem AnyDeska Ako su Vas na\u0161i djelatnici tehni\u010dke podr\u0161ke uputili da omogu\u0107ite spajanje AnyDeskom, u radno vrijeme u\u010dinite sljede\u0107e: [1] Kliknite ispod na tekst&#8230;","protected":false},"author":1,"featured_media":0,"parent":0,"menu_order":90,"comment_status":"closed","ping_status":"closed","template":"","meta":{"_lmt_disableupdate":"no","_lmt_disable":"","footnotes":""},"class_list":["post-10410","page","type-page","status-publish","hentry","no-wpautop"],"_links":{"self":[{"href":"https:\/\/www.nod32.com.hr\/podrska\/wp-json\/wp\/v2\/pages\/10410","targetHints":{"allow":["GET"]}}],"collection":[{"href":"https:\/\/www.nod32.com.hr\/podrska\/wp-json\/wp\/v2\/pages"}],"about":[{"href":"https:\/\/www.nod32.com.hr\/podrska\/wp-json\/wp\/v2\/types\/page"}],"author":[{"embeddable":true,"href":"https:\/\/www.nod32.com.hr\/podrska\/wp-json\/wp\/v2\/users\/1"}],"replies":[{"embeddable":true,"href":"https:\/\/www.nod32.com.hr\/podrska\/wp-json\/wp\/v2\/comments?post=10410"}],"version-history":[{"count":2,"href":"https:\/\/www.nod32.com.hr\/podrska\/wp-json\/wp\/v2\/pages\/10410\/revisions"}],"predecessor-version":[{"id":13588,"href":"https:\/\/www.nod32.com.hr\/podrska\/wp-json\/wp\/v2\/pages\/10410\/revisions\/13588"}],"wp:attachment":[{"href":"https:\/\/www.nod32.com.hr\/podrska\/wp-json\/wp\/v2\/media?parent=10410"}],"curies":[{"name":"wp","href":"https:\/\/api.w.org\/{rel}","templated":true}]}}